{"id":1341,"date":"2016-02-12T07:54:41","date_gmt":"2016-02-12T07:54:41","guid":{"rendered":"http:\/\/demos.famethemes.com\/onepress\/?page_id=4"},"modified":"2016-02-12T07:54:41","modified_gmt":"2016-02-12T07:54:41","slug":"home","status":"publish","type":"page","link":"http:\/\/www.armobilyatasarim.com\/","title":{"rendered":"Home"},"content":{"rendered":"","protected":false},"excerpt":{"rendered":"","protected":false},"author":1,"featured_media":0,"parent":0,"menu_order":0,"comment_status":"closed","ping_status":"closed","template":"template-frontpage.php","meta":{"footnotes":""},"class_list":["post-1341","page","type-page","status-publish","hentry"],"yoast_head":"<!-- This site is optimized with the Yoast SEO plugin v27.4 - https:\/\/yoast.com\/product\/yoast-seo-wordpress\/ -->\n<title>Home - AR Mobilya Tasar\u0131m<\/title>\n<meta name=\"robots\" content=\"index, follow, max-snippet:-1, max-image-preview:large, max-video-preview:-1\" \/>\n<link rel=\"canonical\" href=\"http:\/\/www.armobilyatasarim.com\/\" \/>\n<meta property=\"og:locale\" content=\"tr_TR\" \/>\n<meta property=\"og:type\" content=\"article\" \/>\n<meta property=\"og:title\" content=\"Home - AR Mobilya Tasar\u0131m\" \/>\n<meta property=\"og:url\" content=\"http:\/\/www.armobilyatasarim.com\/\" \/>\n<meta property=\"og:site_name\" content=\"AR Mobilya Tasar\u0131m\" \/>\n<meta name=\"twitter:card\" content=\"summary_large_image\" \/>\n<script type=\"application\/ld+json\" class=\"yoast-schema-graph\">{\"@context\":\"https:\\\/\\\/schema.org\",\"@graph\":[{\"@type\":\"WebPage\",\"@id\":\"http:\\\/\\\/www.armobilyatasarim.com\\\/\",\"url\":\"http:\\\/\\\/www.armobilyatasarim.com\\\/\",\"name\":\"Home - AR Mobilya Tasar\u0131m\",\"isPartOf\":{\"@id\":\"http:\\\/\\\/www.armobilyatasarim.com\\\/#website\"},\"datePublished\":\"2016-02-12T07:54:41+00:00\",\"breadcrumb\":{\"@id\":\"http:\\\/\\\/www.armobilyatasarim.com\\\/#breadcrumb\"},\"inLanguage\":\"tr\",\"potentialAction\":[{\"@type\":\"ReadAction\",\"target\":[\"http:\\\/\\\/www.armobilyatasarim.com\\\/\"]}]},{\"@type\":\"BreadcrumbList\",\"@id\":\"http:\\\/\\\/www.armobilyatasarim.com\\\/#breadcrumb\",\"itemListElement\":[{\"@type\":\"ListItem\",\"position\":1,\"name\":\"Anasayfa\",\"item\":\"http:\\\/\\\/www.armobilyatasarim.com\\\/\"},{\"@type\":\"ListItem\",\"position\":2,\"name\":\"Home\"}]},{\"@type\":\"WebSite\",\"@id\":\"http:\\\/\\\/www.armobilyatasarim.com\\\/#website\",\"url\":\"http:\\\/\\\/www.armobilyatasarim.com\\\/\",\"name\":\"\u00c7e\u015fme AR Mobilya Tasar\u0131m\",\"description\":\"Projelerinizde Do\u011fru &Ccedil;&ouml;z&uuml;m Orta\u011f\u0131n\u0131z\",\"publisher\":{\"@id\":\"http:\\\/\\\/www.armobilyatasarim.com\\\/#organization\"},\"potentialAction\":[{\"@type\":\"SearchAction\",\"target\":{\"@type\":\"EntryPoint\",\"urlTemplate\":\"http:\\\/\\\/www.armobilyatasarim.com\\\/?s={search_term_string}\"},\"query-input\":{\"@type\":\"PropertyValueSpecification\",\"valueRequired\":true,\"valueName\":\"search_term_string\"}}],\"inLanguage\":\"tr\"},{\"@type\":\"Organization\",\"@id\":\"http:\\\/\\\/www.armobilyatasarim.com\\\/#organization\",\"name\":\"\u00c7e\u015fme AR Mobilya Tasar\u0131m\",\"url\":\"http:\\\/\\\/www.armobilyatasarim.com\\\/\",\"logo\":{\"@type\":\"ImageObject\",\"inLanguage\":\"tr\",\"@id\":\"http:\\\/\\\/www.armobilyatasarim.com\\\/#\\\/schema\\\/logo\\\/image\\\/\",\"url\":\"http:\\\/\\\/www.armobilyatasarim.com\\\/wp-content\\\/uploads\\\/2019\\\/04\\\/logo2.png\",\"contentUrl\":\"http:\\\/\\\/www.armobilyatasarim.com\\\/wp-content\\\/uploads\\\/2019\\\/04\\\/logo2.png\",\"width\":640,\"height\":144,\"caption\":\"\u00c7e\u015fme AR Mobilya Tasar\u0131m\"},\"image\":{\"@id\":\"http:\\\/\\\/www.armobilyatasarim.com\\\/#\\\/schema\\\/logo\\\/image\\\/\"}}]}<\/script>\n<!-- \/ Yoast SEO plugin. -->","yoast_head_json":{"title":"Home - AR Mobilya Tasar\u0131m","robots":{"index":"index","follow":"follow","max-snippet":"max-snippet:-1","max-image-preview":"max-image-preview:large","max-video-preview":"max-video-preview:-1"},"canonical":"http:\/\/www.armobilyatasarim.com\/","og_locale":"tr_TR","og_type":"article","og_title":"Home - AR Mobilya Tasar\u0131m","og_url":"http:\/\/www.armobilyatasarim.com\/","og_site_name":"AR Mobilya Tasar\u0131m","twitter_card":"summary_large_image","schema":{"@context":"https:\/\/schema.org","@graph":[{"@type":"WebPage","@id":"http:\/\/www.armobilyatasarim.com\/","url":"http:\/\/www.armobilyatasarim.com\/","name":"Home - AR Mobilya Tasar\u0131m","isPartOf":{"@id":"http:\/\/www.armobilyatasarim.com\/#website"},"datePublished":"2016-02-12T07:54:41+00:00","breadcrumb":{"@id":"http:\/\/www.armobilyatasarim.com\/#breadcrumb"},"inLanguage":"tr","potentialAction":[{"@type":"ReadAction","target":["http:\/\/www.armobilyatasarim.com\/"]}]},{"@type":"BreadcrumbList","@id":"http:\/\/www.armobilyatasarim.com\/#breadcrumb","itemListElement":[{"@type":"ListItem","position":1,"name":"Anasayfa","item":"http:\/\/www.armobilyatasarim.com\/"},{"@type":"ListItem","position":2,"name":"Home"}]},{"@type":"WebSite","@id":"http:\/\/www.armobilyatasarim.com\/#website","url":"http:\/\/www.armobilyatasarim.com\/","name":"\u00c7e\u015fme AR Mobilya Tasar\u0131m","description":"Projelerinizde Do\u011fru &Ccedil;&ouml;z&uuml;m Orta\u011f\u0131n\u0131z","publisher":{"@id":"http:\/\/www.armobilyatasarim.com\/#organization"},"potentialAction":[{"@type":"SearchAction","target":{"@type":"EntryPoint","urlTemplate":"http:\/\/www.armobilyatasarim.com\/?s={search_term_string}"},"query-input":{"@type":"PropertyValueSpecification","valueRequired":true,"valueName":"search_term_string"}}],"inLanguage":"tr"},{"@type":"Organization","@id":"http:\/\/www.armobilyatasarim.com\/#organization","name":"\u00c7e\u015fme AR Mobilya Tasar\u0131m","url":"http:\/\/www.armobilyatasarim.com\/","logo":{"@type":"ImageObject","inLanguage":"tr","@id":"http:\/\/www.armobilyatasarim.com\/#\/schema\/logo\/image\/","url":"http:\/\/www.armobilyatasarim.com\/wp-content\/uploads\/2019\/04\/logo2.png","contentUrl":"http:\/\/www.armobilyatasarim.com\/wp-content\/uploads\/2019\/04\/logo2.png","width":640,"height":144,"caption":"\u00c7e\u015fme AR Mobilya Tasar\u0131m"},"image":{"@id":"http:\/\/www.armobilyatasarim.com\/#\/schema\/logo\/image\/"}}]}},"_links":{"self":[{"href":"http:\/\/www.armobilyatasarim.com\/index.php?rest_route=\/wp\/v2\/pages\/1341","targetHints":{"allow":["GET"]}}],"collection":[{"href":"http:\/\/www.armobilyatasarim.com\/index.php?rest_route=\/wp\/v2\/pages"}],"about":[{"href":"http:\/\/www.armobilyatasarim.com\/index.php?rest_route=\/wp\/v2\/types\/page"}],"author":[{"embeddable":true,"href":"http:\/\/www.armobilyatasarim.com\/index.php?rest_route=\/wp\/v2\/users\/1"}],"replies":[{"embeddable":true,"href":"http:\/\/www.armobilyatasarim.com\/index.php?rest_route=%2Fwp%2Fv2%2Fcomments&post=1341"}],"version-history":[{"count":0,"href":"http:\/\/www.armobilyatasarim.com\/index.php?rest_route=\/wp\/v2\/pages\/1341\/revisions"}],"wp:attachment":[{"href":"http:\/\/www.armobilyatasarim.com\/index.php?rest_route=%2Fwp%2Fv2%2Fmedia&parent=1341"}],"curies":[{"name":"wp","href":"https:\/\/api.w.org\/{rel}","templated":true}]}}